{"id":32,"date":"2025-07-16T13:55:12","date_gmt":"2025-07-16T12:55:12","guid":{"rendered":"http:\/\/veni:8888\/?page_id=32"},"modified":"2025-11-13T14:31:32","modified_gmt":"2025-11-13T13:31:32","slug":"contatti","status":"publish","type":"page","link":"https:\/\/veniluxuryconcierge.com\/it\/contatti\/","title":{"rendered":"Contatti"},"content":{"rendered":"<h2>\n<p class=\"p1\">DAL 1990 \u2013 UN&#8217;EREDIT\u00c0 SENZA TEMPO<\/p>\n<\/h2>\n<div>\n<p class=\"p1\">VENI nasce nel 1990, dalla passione per l&#8217;ospitalit\u00e0 e dall&#8217;amore profondo per Venezia. <br \/>Da oltre trent&#8217;anni mettiamo al centro le persone, costruendo con i nostri ospiti relazioni autentiche fondate su fiducia, rispetto e professionalit\u00e0.<\/p>\n<p class=\"p1\">Per noi la vera eccellenza non risiede solo nella qualit\u00e0 dei mezzi, ma nel modo in cui sappiamo prenderci cura di chi sceglie di affidarci i propri momenti pi\u00f9 preziosi. E il nostro obiettivo \u00e8 da sempre quello di far vivere ogni esperienza in modo pieno, consapevole e soddisfacente.<\/p>\n<p class=\"p1\">I servizi di conciergerie che offriamo nascono dalla volont\u00e0 di condividere il nostro territorio in modo autentico e consapevole, trasmettendo la conoscenza maturata in questi decenni e creando esperienze che restano nel tempo. Crediamo che offrire il meglio significhi essere parte della storia di Venezia, custodi della sua bellezza, accompagnando ogni nostro ospite alla scoperta dell&#8217;essenza pi\u00f9 vera di questa citt\u00e0 straordinaria, con discrezione, eleganza e dedizione. E farlo sentire parte di questa grande storia.<\/p>\n<\/div>\n<h2>\n<p class=\"p1\">PRENOTA <br \/>IL TUO PROSSIMO SOGGIORNO<\/p>\n<\/h2>\n<div>\n<p>Scopri come possiamo rendere speciale il tuo prossimo viaggio a Venezia.<br \/>Compila tutti i campi del form. La tua richiesta verr\u00e0 presa in carico da un concierge dedicato che ti contatter\u00e0 entro le prossime 24h.<\/p>\n<\/div>\n<div>\n\n    \n    <form method=\"post\" action=\"\/it\/wp-json\/wp\/v2\/pages\/32\" class=\"uk-form-stacked\">\n        <div style=\"display:none;\">\n            <input type=\"text\" name=\"ccf_hp\" value=\"\">\n        <\/div>\n\n        <div class=\"uk-child-width-1-2@s\" uk-grid>\n            <div>\n                <label>Nome<\/label>\n                <input type=\"text\" name=\"ccf_firstname\" class=\"uk-input\" required>\n            <\/div>\n            <div>\n                <label>Cognome<\/label>\n                <input type=\"text\" name=\"ccf_lastname\" class=\"uk-input\" required>\n            <\/div>\n\n            <div class=\"uk-margin\">\n                <label>Email<\/label>\n                <input type=\"email\" name=\"ccf_email\" class=\"uk-input\" required>\n            <\/div>\n        <\/div>\n\n        <div class=\"uk-margin\">\n            <label>Messaggio<\/label>\n            <textarea name=\"ccf_message\" class=\"uk-textarea\" required><\/textarea>\n        <\/div>\n        <div class=\"uk-margin\">\n            <label>\n                <input type=\"checkbox\" name=\"ccf_privacy\" value=\"1\" class=\"uk-checkbox uk-margin-small-right\" required>\n                Ho letto e accetto i termini della Privacy Policy            <\/label>\n        <\/div>\n\n\n        <!-- Google reCAPTCHA \n        <div class=\"uk-margin\">\n            <script src=\"https:\/\/www.google.com\/recaptcha\/api.js\" async defer><\/script>\n            <div class=\"g-recaptcha\" data-sitekey=\"\"><\/div>\n        <\/div>-->\n\n        <div class=\"uk-margin-large-top uk-flex uk-flex-center\">\n            <input type=\"submit\" name=\"ccf_submit\" value=\"INVIA\" class=\"uk-button uk-button-secondary\">\n        <\/div>\n\n        <input type=\"hidden\" id=\"ccf_nonce\" name=\"ccf_nonce\" value=\"86550fab37\" \/><input type=\"hidden\" name=\"_wp_http_referer\" value=\"\/it\/wp-json\/wp\/v2\/pages\/32\" \/>    <\/form>\n\n<\/div>\n<p><!--more--><br \/>\n<!-- {\"type\":\"layout\",\"children\":[{\"type\":\"section\",\"props\":{\"header_transparent\":false,\"height\":\"viewport\",\"height_offset_top\":true,\"image\":\"wp-content\\\/uploads\\\/01_contatti_Header.jpg\",\"image_effect\":\"parallax\",\"image_parallax_bgy\":\"100\",\"image_position\":\"center-center\",\"image_size\":\"cover\",\"padding\":\"none\",\"style\":\"primary\",\"title_breakpoint\":\"xl\",\"title_position\":\"top-left\",\"title_rotation\":\"left\",\"vertical_align\":\"\",\"width\":\"\"},\"children\":[{\"type\":\"row\",\"children\":[{\"type\":\"column\",\"props\":{\"css\":\".el-column {\\n\\tbackground-color: rgba(255,255,255,0.5);\\n    transition: all 0.5s ease\\n}\\n\\n.el-column:hover {\\n\\tbackground-color: rgba(255,255,255,1);\\n}\\n\\n.el-column:hover h3.el-title {\\n\\tcolor: #042d3e !important;\\n    font-weight: 400;\\n}\",\"image_position\":\"center-center\",\"position_sticky_breakpoint\":\"m\"},\"children\":[{\"type\":\"grid\",\"props\":{\"block_align\":\"center\",\"content_column_breakpoint\":\"m\",\"css\":\".el-element {\\n    padding: 1rem\\n}\\n\\n.el-title {\\n\\tfont-weight: 700;\\n    position: relative;\\n    display: inline-block;\\n}\\n\\n.el-title::after {\\n  content: \\\"\\\";\\n  position: absolute;\\n  bottom: 0;\\n  left: 0;\\n  width: 100%;\\n  height: 1px;\\n  background-color: #042d3e;\\n  transform: scaleX(0);\\n  transform-origin: left;\\n  transition: transform 0.3s ease;\\n}\\n\\n.el-title:hover::after {\\n  transform: scaleX(1);\\n}\\n\",\"filter_align\":\"left\",\"filter_all\":true,\"filter_grid_breakpoint\":\"m\",\"filter_grid_width\":\"auto\",\"filter_position\":\"top\",\"filter_style\":\"tab\",\"grid_column_align\":true,\"grid_default\":\"1\",\"grid_medium\":\"\",\"grid_row_align\":false,\"grid_small\":\"5\",\"icon_width\":80,\"image_align\":\"top\",\"image_grid_breakpoint\":\"m\",\"image_grid_width\":\"1-2\",\"image_svg_color\":\"emphasis\",\"item_animation\":true,\"lightbox_bg_close\":true,\"link_style\":\"default\",\"link_text\":\"\",\"margin\":\"default\",\"maxwidth\":\"2xlarge\",\"meta_align\":\"below-title\",\"meta_element\":\"div\",\"meta_style\":\"text-meta\",\"position\":\"relative\",\"show_content\":false,\"show_hover_image\":false,\"show_hover_video\":false,\"show_image\":false,\"show_link\":true,\"show_meta\":false,\"show_title\":true,\"show_video\":false,\"text_align\":\"center\",\"title_align\":\"top\",\"title_color\":\"primary\",\"title_element\":\"h3\",\"title_font_family\":\"default\",\"title_grid_breakpoint\":\"m\",\"title_grid_width\":\"1-2\",\"title_hover_style\":\"reset\",\"title_link\":true,\"title_margin\":\"remove\",\"title_style\":\"h5\",\"visibility\":\"s\"},\"children\":[{\"type\":\"grid_item\",\"props\":{\"link\":\".\\\/\",\"title\":\"VENI\"}},{\"type\":\"grid_item\",\"props\":{\"link\":\"esperienze\\\/\",\"title\":\"ESPERIENZE\"}},{\"type\":\"grid_item\",\"props\":{\"link\":\"servizi\\\/\",\"title\":\"SERVIZI\"}},{\"type\":\"grid_item\",\"props\":{\"link\":\".\\\/#fleet\",\"title\":\"FLEET\"}},{\"type\":\"grid_item\",\"props\":{\"link\":\"contatti\\\/#form\",\"title\":\"CONTATTI\"}}],\"name\":\"secondary-menu\"}]}],\"props\":{\"status\":\"disabled\"}},{\"type\":\"row\",\"children\":[{\"type\":\"column\",\"props\":{\"image_position\":\"center-center\",\"position_sticky_breakpoint\":\"m\"},\"children\":[{\"type\":\"module\",\"props\":{\"menu_image_align\":\"center\",\"menu_image_margin\":true,\"menu_style\":\"default\",\"menu_type\":\"nav\",\"type\":\"builderwidget\",\"widget\":\"builderwidget-18\"}}]}]}]},{\"type\":\"section\",\"props\":{\"animation_delay\":\"300\",\"css\":\".el-section{\\n\\t\\\/*max-width: 800px;*\\\/\\n    margin-inline: auto;\\n}\",\"image_position\":\"center-center\",\"padding_remove_bottom\":false,\"padding_remove_top\":true,\"style\":\"default\",\"title_breakpoint\":\"xl\",\"title_position\":\"top-left\",\"title_rotation\":\"left\",\"vertical_align\":\"middle\",\"width\":\"small\"},\"children\":[{\"type\":\"row\",\"children\":[{\"type\":\"column\",\"props\":{\"image_position\":\"center-center\",\"position_sticky_breakpoint\":\"m\"},\"children\":[{\"type\":\"headline\",\"props\":{\"animation\":\"none\",\"class\":\"uk-text-uppercase\",\"content\":\"\n\n<p class=\\\"p1\\\">DAL 1990 \\u2013 UN'EREDIT\\u00c0 SENZA TEMPO<\\\/p>\",\"css\":\".el-element {\\n\\tpadding: 70px 0 0 0\\n}\",\"margin_remove_bottom\":true,\"parallax_breakpoint\":\"s\",\"parallax_opacity\":\"0,1 50%\",\"parallax_scale\":\"0.5,1 50%\",\"text_align\":\"center\",\"title_element\":\"h2\"}},{\"type\":\"text\",\"props\":{\"animation\":\"none\",\"column_breakpoint\":\"m\",\"content\":\"\n\n<p class=\\\"p1\\\">VENI nasce nel 1990, dalla passione per l'ospitalit\\u00e0 e dall'amore profondo per Venezia. <br \\\/>Da oltre trent'anni mettiamo al centro le persone, costruendo con i nostri ospiti relazioni autentiche fondate su fiducia, rispetto e professionalit\\u00e0.<\\\/p>\\n\n\n<p class=\\\"p1\\\">Per noi la vera eccellenza non risiede solo nella qualit\\u00e0 dei mezzi, ma nel modo in cui sappiamo prenderci cura di chi sceglie di affidarci i propri momenti pi\\u00f9 preziosi. E il nostro obiettivo \\u00e8 da sempre quello di far vivere ogni esperienza in modo pieno, consapevole e soddisfacente.<\\\/p>\\n\n\n<p class=\\\"p1\\\">I servizi di conciergerie che offriamo nascono dalla volont\\u00e0 di condividere il nostro territorio in modo autentico e consapevole, trasmettendo la conoscenza maturata in questi decenni e creando esperienze che restano nel tempo. Crediamo che offrire il meglio significhi essere parte della storia di Venezia, custodi della sua bellezza, accompagnando ogni nostro ospite alla scoperta dell'essenza pi\\u00f9 vera di questa citt\\u00e0 straordinaria, con discrezione, eleganza e dedizione. E farlo sentire parte di questa grande storia.<\\\/p>\",\"margin\":\"default\",\"margin_remove_top\":true,\"parallax_y\":\"50,0 35%\",\"text_align\":\"center\",\"text_style\":\"lead\"}}]}]}]},{\"type\":\"section\",\"props\":{\"id\":\"form\",\"image_position\":\"center-center\",\"overlap\":false,\"preserve_color\":true,\"style\":\"primary\",\"title_breakpoint\":\"xl\",\"title_position\":\"top-left\",\"title_rotation\":\"left\",\"vertical_align\":\"middle\",\"width\":\"small\"},\"children\":[{\"type\":\"row\",\"children\":[{\"type\":\"column\",\"props\":{\"image_position\":\"center-center\",\"position_sticky_breakpoint\":\"m\"},\"children\":[{\"type\":\"headline\",\"props\":{\"animation\":\"none\",\"class\":\"uk-text-uppercase\",\"content\":\"\n\n<p class=\\\"p1\\\">PRENOTA <br \\\/>IL TUO PROSSIMO SOGGIORNO<\\\/p>\",\"text_align\":\"center\",\"title_element\":\"h2\"}},{\"type\":\"text\",\"props\":{\"animation\":\"none\",\"column_breakpoint\":\"m\",\"content\":\"\n\n<p>Scopri come possiamo rendere speciale il tuo prossimo viaggio a Venezia.<br \\\/>Compila tutti i campi del form. La tua richiesta verr\\u00e0 presa in carico da un concierge dedicato che ti contatter\\u00e0 entro le prossime 24h.<\\\/p>\",\"margin\":\"default\",\"text_align\":\"center\",\"text_style\":\"lead\"}}]}]},{\"type\":\"row\",\"props\":{\"margin\":\"xlarge\"},\"children\":[{\"type\":\"column\",\"props\":{\"image_position\":\"center-center\",\"position_sticky_breakpoint\":\"m\"},\"children\":[{\"type\":\"html\",\"props\":{\"content\":\"[custom_contact_form]\"}}]}]}]},{\"type\":\"section\",\"props\":{\"css\":\".el-section {\\n\\tposition: fixed;\\n    bottom: 2rem;\\n    right: 2rem;\\n    z-index: 999;\\n    background: transparent;\\n}\",\"image_position\":\"center-center\",\"padding\":\"none\",\"style\":\"default\",\"title_breakpoint\":\"xl\",\"title_position\":\"top-left\",\"title_rotation\":\"left\",\"vertical_align\":\"middle\",\"width\":\"\"},\"children\":[{\"type\":\"row\",\"children\":[{\"type\":\"column\",\"props\":{\"image_position\":\"center-center\",\"position_sticky_breakpoint\":\"m\"},\"children\":[{\"type\":\"module\",\"props\":{\"menu_image_align\":\"center\",\"menu_image_margin\":true,\"menu_style\":\"default\",\"menu_type\":\"nav\",\"type\":\"builderwidget\",\"widget\":\"builderwidget-19\"}}]}]}],\"name\":\"TO TOP\"}],\"version\":\"4.5.32\"} --><\/p>\n","protected":false},"excerpt":{"rendered":"<p>DAL 1990 \u2013 UN&#8217;EREDIT\u00c0 SENZA TEMPO VENI nasce nel 1990, dalla passione per l&#8217;ospitalit\u00e0 e dall&#8217;amore profondo per Venezia. Da oltre trent&#8217;anni mettiamo al centro le persone, costruendo con i nostri ospiti relazioni autentiche fondate su fiducia, rispetto e professionalit\u00e0. Per noi la vera eccellenza non risiede solo nella qualit\u00e0 dei mezzi, ma nel modo [&hellip;]<\/p>\n","protected":false},"author":1,"featured_media":0,"parent":0,"menu_order":0,"comment_status":"closed","ping_status":"closed","template":"","meta":{"footnotes":""},"class_list":["post-32","page","type-page","status-publish","hentry"],"_links":{"self":[{"href":"https:\/\/veniluxuryconcierge.com\/it\/wp-json\/wp\/v2\/pages\/32","targetHints":{"allow":["GET"]}}],"collection":[{"href":"https:\/\/veniluxuryconcierge.com\/it\/wp-json\/wp\/v2\/pages"}],"about":[{"href":"https:\/\/veniluxuryconcierge.com\/it\/wp-json\/wp\/v2\/types\/page"}],"author":[{"embeddable":true,"href":"https:\/\/veniluxuryconcierge.com\/it\/wp-json\/wp\/v2\/users\/1"}],"replies":[{"embeddable":true,"href":"https:\/\/veniluxuryconcierge.com\/it\/wp-json\/wp\/v2\/comments?post=32"}],"version-history":[{"count":74,"href":"https:\/\/veniluxuryconcierge.com\/it\/wp-json\/wp\/v2\/pages\/32\/revisions"}],"predecessor-version":[{"id":1152,"href":"https:\/\/veniluxuryconcierge.com\/it\/wp-json\/wp\/v2\/pages\/32\/revisions\/1152"}],"wp:attachment":[{"href":"https:\/\/veniluxuryconcierge.com\/it\/wp-json\/wp\/v2\/media?parent=32"}],"curies":[{"name":"wp","href":"https:\/\/api.w.org\/{rel}","templated":true}]}}