{"id":28,"date":"2025-07-16T13:54:39","date_gmt":"2025-07-16T12:54:39","guid":{"rendered":"http:\/\/veni:8888\/?page_id=28"},"modified":"2025-11-18T10:15:39","modified_gmt":"2025-11-18T09:15:39","slug":"servizi","status":"publish","type":"page","link":"https:\/\/veniluxuryconcierge.com\/it\/servizi\/","title":{"rendered":"Servizi"},"content":{"rendered":"<h2>\n<p><strong>ELEGANZA E<br \/>COMFORT NEL CUORE <br \/>DELLA LAGUNA<\/strong><\/p>\n<\/h2>\n<h2>\n<p>Raffinatezza e comfort: servizi di conciergerie di lusso per il tuo soggiorno a Venezia<\/p>\n<\/h2>\n<div>\n<p>Lasciati avvolgere e trasportare attraverso la magia di Venezia in modo unico e indimenticabile.<br \/>Vivi Venezia in tutta la sua unicit\u00e0. Dalle isole pi\u00f9 incantevoli ai luoghi segreti, ogni momento diventa un ricordo prezioso.<\/p>\n<\/div>\n<p><img decoding=\"async\" src=\"\/wp-content\/uploads\/02_transfer_lusso_barca.jpg\" alt=\"\"><\/p>\n<div>\n<h3 class=\"uk-text-uppercase uk-margin-small-top\">Transfer di lusso in barca<\/h3>\n<p>Con un equipaggio esperto e a tua completa disposizione, potrai godere di un trasferimento esclusivo da e per qualsiasi punto della citt\u00e0 o delle sue isole. Il nostro servizio \u00e8 perfetto per chi desidera spostarsi in totale privacy e con stile, senza rinunciare alla comodit\u00e0.<\/p>\n<\/div>\n<div>\n<h3 class=\"uk-text-uppercase uk-margin-small-top\">Transfer di lusso in auto<\/h3>\n<p>A bordo di eleganti veicoli di alta classe, ogni dettaglio \u00e8 curato per garantire il massimo del comfort, della privacy e della raffinatezza. Il nostro autista, altamente qualificato, ti accompagna in totale discrezione, permettendoti di rilassarti e godere pienamente del viaggio. Che si tratti di un trasferimento verso una localit\u00e0 esclusiva o di un arrivo in aeroporto, il nostro servizio \u00e8 pensato per chi cerca il lusso assoluto in ogni momento.<\/p>\n<\/div>\n<p><img decoding=\"async\" src=\"\/wp-content\/uploads\/03_transfer_lusso_auto.jpg\" alt=\"\"><br \/>\n<img decoding=\"async\" src=\"\/wp-content\/uploads\/04_Accoglienza_aeroporto.jpg\" alt=\"\"><\/p>\n<div>\n<h3 class=\"uk-text-uppercase uk-margin-small-top\">Accoglienza in aeroporto<\/h3>\n<p>Il nostro esclusivo servizio di accoglienza a Venezia \u00e8 pensato per offrirti un arrivo all\u2019insegna del lusso e della riservatezza.<br \/>Al tuo arrivo in aeroporto, un assistente personale altamente qualificato sar\u00e0 pronto a gestire ogni aspetto del tuo viaggio, dal trasferimento privato al check-in esclusivo.<br \/>Potrai rilassarti e goderti il tuo arrivo in citt\u00e0, mentre noi ci occupiamo di ogni necessit\u00e0.<\/p>\n<\/div>\n<div>\n<h3 class=\"uk-text-uppercase uk-margin-small-top\">Eventi privati ed esclusivi<\/h3>\n<p>Accesso privilegiato a momenti unici.<br \/>Offriamo ai nostri clienti la possibilit\u00e0 di partecipare a eventi esclusivi e super-lussuosi, riservati solo a un\u2019\u00e9lite selezionata. Che si tratti di gala prestigiosi, sfilate di alta moda, inaugurazioni private o eventi privati in location uniche, ogni dettaglio \u00e8 curato per offrire un\u2019esperienza indimenticabile. Ti garantiamo accesso prioritario a queste occasioni imperdibili, dove il lusso, l\u2019eleganza e l\u2019esclusivit\u00e0 sono protagonisti.<\/p>\n<\/div>\n<p><img decoding=\"async\" src=\"\/wp-content\/uploads\/05_eventi_esclusivi_privati.jpg\" alt=\"\"><\/p>\n<p><p>\n        <a href=\"\/it\/contatti\/#form\">CONTATTACI<\/a>\n    <\/p>\n<\/p>\n<p><!--more--><br \/>\n<!-- {\"type\":\"layout\",\"children\":[{\"type\":\"section\",\"props\":{\"height\":\"viewport\",\"height_offset_top\":true,\"image\":\"wp-content\\\/uploads\\\/01_experience_Header.jpg\",\"image_effect\":\"parallax\",\"image_parallax_bgy\":\"100\",\"image_position\":\"center-center\",\"image_size\":\"cover\",\"padding\":\"none\",\"style\":\"primary\",\"title_breakpoint\":\"xl\",\"title_position\":\"top-left\",\"title_rotation\":\"left\",\"vertical_align\":\"\",\"width\":\"\"},\"children\":[{\"type\":\"row\",\"children\":[{\"type\":\"column\",\"props\":{\"css\":\".el-column {\\n\\tbackground-color: rgba(255,255,255,0.5);\\n    transition: all 0.5s ease\\n}\\n\\n.el-column:hover {\\n\\tbackground-color: rgba(255,255,255,1);\\n}\\n\\n.el-column:hover h3.el-title {\\n\\tcolor: #042d3e !important;\\n    font-weight: 400;\\n}\",\"image_position\":\"center-center\",\"position_sticky_breakpoint\":\"m\"},\"children\":[{\"type\":\"grid\",\"props\":{\"block_align\":\"center\",\"content_column_breakpoint\":\"m\",\"css\":\".el-element {\\n    padding: 1rem\\n}\\n\\n.el-title {\\n\\tfont-weight: 700;\\n    position: relative;\\n    display: inline-block;\\n}\\n\\n.el-title::after {\\n  content: \\\"\\\";\\n  position: absolute;\\n  bottom: 0;\\n  left: 0;\\n  width: 100%;\\n  height: 1px;\\n  background-color: #042d3e;\\n  transform: scaleX(0);\\n  transform-origin: left;\\n  transition: transform 0.3s ease;\\n}\\n\\n.el-title:hover::after {\\n  transform: scaleX(1);\\n}\\n\",\"filter_align\":\"left\",\"filter_all\":true,\"filter_grid_breakpoint\":\"m\",\"filter_grid_width\":\"auto\",\"filter_position\":\"top\",\"filter_style\":\"tab\",\"grid_column_align\":true,\"grid_default\":\"1\",\"grid_medium\":\"\",\"grid_row_align\":false,\"grid_small\":\"5\",\"icon_width\":80,\"image_align\":\"top\",\"image_grid_breakpoint\":\"m\",\"image_grid_width\":\"1-2\",\"image_svg_color\":\"emphasis\",\"item_animation\":true,\"lightbox_bg_close\":true,\"link_style\":\"default\",\"link_text\":\"\",\"margin\":\"default\",\"maxwidth\":\"2xlarge\",\"meta_align\":\"below-title\",\"meta_element\":\"div\",\"meta_style\":\"text-meta\",\"position\":\"relative\",\"show_content\":false,\"show_hover_image\":false,\"show_hover_video\":false,\"show_image\":false,\"show_link\":true,\"show_meta\":false,\"show_title\":true,\"show_video\":false,\"text_align\":\"center\",\"title_align\":\"top\",\"title_color\":\"primary\",\"title_element\":\"h3\",\"title_font_family\":\"default\",\"title_grid_breakpoint\":\"m\",\"title_grid_width\":\"1-2\",\"title_hover_style\":\"reset\",\"title_link\":true,\"title_margin\":\"remove\",\"title_style\":\"h5\",\"visibility\":\"s\"},\"children\":[{\"type\":\"grid_item\",\"props\":{\"link\":\".\\\/\",\"title\":\"VENI\"}},{\"type\":\"grid_item\",\"props\":{\"link\":\"esperienze\\\/\",\"title\":\"ESPERIENZE\"}},{\"type\":\"grid_item\",\"props\":{\"link\":\"servizi\\\/\",\"title\":\"SERVIZI\"}},{\"type\":\"grid_item\",\"props\":{\"link\":\".\\\/#fleet\",\"title\":\"FLEET\"}},{\"type\":\"grid_item\",\"props\":{\"link\":\"contatti\\\/#form\",\"title\":\"CONTATTI\"}}],\"name\":\"secondary-menu\"}]}],\"props\":{\"status\":\"disabled\"}},{\"type\":\"row\",\"children\":[{\"type\":\"column\",\"props\":{\"image_position\":\"center-center\",\"position_sticky_breakpoint\":\"m\"},\"children\":[{\"type\":\"module\",\"props\":{\"menu_image_align\":\"center\",\"menu_image_margin\":true,\"menu_style\":\"default\",\"menu_type\":\"nav\",\"type\":\"builderwidget\",\"widget\":\"builderwidget-18\"}}]}]},{\"type\":\"row\",\"children\":[{\"type\":\"column\",\"props\":{\"image_position\":\"center-center\",\"position_sticky_breakpoint\":\"m\",\"vertical_align\":\"middle\"},\"children\":[{\"type\":\"headline\",\"props\":{\"animation\":\"fade\",\"attributes\":\"uk-scrollspy=\\\"cls:uk-animation-fade; delay: 500\\\"\",\"content\":\"\n\n<p><strong>ELEGANZA E<br \\\/>COMFORT NEL CUORE <br \\\/>DELLA LAGUNA<\\\/strong><\\\/p>\",\"text_align\":\"center\",\"title_color\":\"primary\",\"title_element\":\"h2\",\"title_style\":\"h2\"}}]}],\"props\":{\"height\":\"viewport\",\"height_offset_top\":true}}]},{\"type\":\"section\",\"props\":{\"animation_delay\":\"300\",\"css\":\".el-section{\\n\\t\\\/*max-width: 800px;*\\\/\\n    margin-inline: auto;\\n}\",\"image_position\":\"center-center\",\"padding_remove_top\":false,\"style\":\"default\",\"title_breakpoint\":\"xl\",\"title_position\":\"top-left\",\"title_rotation\":\"left\",\"vertical_align\":\"middle\",\"width\":\"small\"},\"children\":[{\"type\":\"row\",\"children\":[{\"type\":\"column\",\"props\":{\"image_position\":\"center-center\",\"position_sticky_breakpoint\":\"m\"},\"children\":[{\"type\":\"headline\",\"props\":{\"animation\":\"none\",\"class\":\"uk-text-uppercase\",\"content\":\"\n\n<p>Raffinatezza e comfort: servizi di conciergerie di lusso per il tuo soggiorno a Venezia<\\\/p>\",\"parallax_scale\":\"0.5,1 35%\",\"text_align\":\"center\",\"title_element\":\"h2\"}},{\"type\":\"text\",\"props\":{\"animation\":\"none\",\"column_breakpoint\":\"m\",\"content\":\"\n\n<p>Lasciati avvolgere e trasportare attraverso la magia di Venezia in modo unico e indimenticabile.<br \\\/>Vivi Venezia in tutta la sua unicit\\u00e0. Dalle isole pi\\u00f9 incantevoli ai luoghi segreti, ogni momento diventa un ricordo prezioso.<\\\/p>\",\"margin\":\"default\",\"parallax_y\":\"50,0 35%\",\"text_align\":\"center\",\"text_style\":\"lead\"}}]}]}]},{\"type\":\"section\",\"props\":{\"image_position\":\"center-center\",\"padding\":\"large\",\"padding_remove_top\":true,\"style\":\"default\",\"title_breakpoint\":\"xl\",\"title_position\":\"top-left\",\"title_rotation\":\"left\",\"vertical_align\":\"middle\",\"width\":\"small\"},\"children\":[{\"type\":\"row\",\"props\":{\"column_gap\":\"large\",\"layout\":\"large,expand\",\"margin\":\"xlarge\",\"margin_remove_top\":true},\"children\":[{\"type\":\"column\",\"props\":{\"image_position\":\"center-center\",\"position_sticky_breakpoint\":\"m\",\"width_medium\":\"large\"},\"children\":[{\"type\":\"image\",\"props\":{\"animation\":\"none\",\"height_expand\":false,\"image\":\"wp-content\\\/uploads\\\/02_transfer_lusso_barca.jpg\",\"image_svg_color\":\"emphasis\",\"image_viewport_height\":false,\"margin\":\"default\",\"parallax_opacity\":\"0,1 50%\",\"parallax_x\":\"-100,0 50%\",\"text_align\":\"center\"}}]},{\"type\":\"column\",\"props\":{\"image_position\":\"center-center\",\"position_sticky_breakpoint\":\"m\",\"vertical_align\":\"middle\",\"width_medium\":\"expand\"},\"children\":[{\"type\":\"text\",\"props\":{\"animation\":\"none\",\"column_breakpoint\":\"m\",\"content\":\"\n\n<h3 class=\\\"uk-text-uppercase uk-margin-small-top\\\">Transfer di lusso in barca<\\\/h3>\\n\n\n<p>Con un equipaggio esperto e a tua completa disposizione, potrai godere di un trasferimento esclusivo da e per qualsiasi punto della citt\\u00e0 o delle sue isole. Il nostro servizio \\u00e8 perfetto per chi desidera spostarsi in totale privacy e con stile, senza rinunciare alla comodit\\u00e0.<\\\/p>\",\"margin\":\"default\",\"parallax_end\":\"50vh + 50%\",\"parallax_opacity\":\"0,1\",\"parallax_y\":\"50%,0\"}}]}]},{\"type\":\"row\",\"props\":{\"column_gap\":\"large\",\"layout\":\"expand,large\",\"margin\":\"xlarge\",\"margin_remove_top\":true},\"children\":[{\"type\":\"column\",\"props\":{\"image_position\":\"center-center\",\"position_sticky_breakpoint\":\"m\",\"vertical_align\":\"middle\",\"width_medium\":\"expand\"},\"children\":[{\"type\":\"text\",\"props\":{\"animation\":\"none\",\"column_breakpoint\":\"m\",\"content\":\"\n\n<h3 class=\\\"uk-text-uppercase uk-margin-small-top\\\">Transfer di lusso in auto<\\\/h3>\\n\n\n<p>A bordo di eleganti veicoli di alta classe, ogni dettaglio \\u00e8 curato per garantire il massimo del comfort, della privacy e della raffinatezza. Il nostro autista, altamente qualificato, ti accompagna in totale discrezione, permettendoti di rilassarti e godere pienamente del viaggio. Che si tratti di un trasferimento verso una localit\\u00e0 esclusiva o di un arrivo in aeroporto, il nostro servizio \\u00e8 pensato per chi cerca il lusso assoluto in ogni momento.<\\\/p>\",\"margin\":\"default\",\"parallax_end\":\"50vh + 50%\",\"parallax_opacity\":\"0,1\",\"parallax_y\":\"50%,0\"}}]},{\"type\":\"column\",\"props\":{\"class\":\"uk-flex-first uk-flex-last@m\",\"image_position\":\"center-center\",\"position_sticky_breakpoint\":\"m\",\"vertical_align\":\"bottom\",\"width_medium\":\"large\"},\"children\":[{\"type\":\"image\",\"props\":{\"animation\":\"none\",\"image\":\"wp-content\\\/uploads\\\/03_transfer_lusso_auto.jpg\",\"image_svg_color\":\"emphasis\",\"margin\":\"default\",\"parallax_opacity\":\"0,1 50%\",\"parallax_x\":\"100,0 50%\",\"text_align\":\"center\"}}]}]},{\"type\":\"row\",\"props\":{\"column_gap\":\"large\",\"layout\":\"large,expand\",\"margin\":\"xlarge\",\"margin_remove_top\":true},\"children\":[{\"type\":\"column\",\"props\":{\"image_position\":\"center-center\",\"position_sticky_breakpoint\":\"m\",\"width_medium\":\"large\"},\"children\":[{\"type\":\"image\",\"props\":{\"animation\":\"none\",\"image\":\"wp-content\\\/uploads\\\/04_Accoglienza_aeroporto.jpg\",\"image_svg_color\":\"emphasis\",\"margin\":\"default\",\"parallax_opacity\":\"0,1 50%\",\"parallax_x\":\"-100,0 50%\",\"text_align\":\"center\"}}]},{\"type\":\"column\",\"props\":{\"image_position\":\"center-center\",\"position_sticky_breakpoint\":\"m\",\"vertical_align\":\"middle\",\"width_medium\":\"expand\"},\"children\":[{\"type\":\"text\",\"props\":{\"animation\":\"none\",\"column_breakpoint\":\"m\",\"content\":\"\n\n<h3 class=\\\"uk-text-uppercase uk-margin-small-top\\\">Accoglienza in aeroporto<\\\/h3>\\n\n\n<p>Il nostro esclusivo servizio di accoglienza a Venezia \\u00e8 pensato per offrirti un arrivo all\\u2019insegna del lusso e della riservatezza.<br \\\/>Al tuo arrivo in aeroporto, un assistente personale altamente qualificato sar\\u00e0 pronto a gestire ogni aspetto del tuo viaggio, dal trasferimento privato al check-in esclusivo.<br \\\/>Potrai rilassarti e goderti il tuo arrivo in citt\\u00e0, mentre noi ci occupiamo di ogni necessit\\u00e0.<\\\/p>\",\"margin\":\"default\",\"parallax_end\":\"50vh + 50%\",\"parallax_opacity\":\"0,1\",\"parallax_y\":\"50%,0\"}}]}]},{\"type\":\"row\",\"props\":{\"column_gap\":\"large\",\"layout\":\"expand,large\",\"margin\":\"xlarge\",\"margin_remove_top\":true},\"children\":[{\"type\":\"column\",\"props\":{\"image_position\":\"center-center\",\"position_sticky_breakpoint\":\"m\",\"vertical_align\":\"middle\",\"width_medium\":\"expand\"},\"children\":[{\"type\":\"text\",\"props\":{\"animation\":\"none\",\"column_breakpoint\":\"m\",\"content\":\"\n\n<h3 class=\\\"uk-text-uppercase uk-margin-small-top\\\">Eventi privati ed esclusivi<\\\/h3>\\n\n\n<p>Accesso privilegiato a momenti unici.<br \\\/>Offriamo ai nostri clienti la possibilit\\u00e0 di partecipare a eventi esclusivi e super-lussuosi, riservati solo a un\\u2019\\u00e9lite selezionata. Che si tratti di gala prestigiosi, sfilate di alta moda, inaugurazioni private o eventi privati in location uniche, ogni dettaglio \\u00e8 curato per offrire un\\u2019esperienza indimenticabile. Ti garantiamo accesso prioritario a queste occasioni imperdibili, dove il lusso, l\\u2019eleganza e l\\u2019esclusivit\\u00e0 sono protagonisti.<\\\/p>\",\"margin\":\"default\",\"parallax_end\":\"50vh + 50%\",\"parallax_opacity\":\"0,1\",\"parallax_y\":\"50%,0\"}}]},{\"type\":\"column\",\"props\":{\"class\":\"uk-flex-first uk-flex-last@m\",\"image_position\":\"center-center\",\"position_sticky_breakpoint\":\"m\",\"vertical_align\":\"bottom\",\"width_medium\":\"large\"},\"children\":[{\"type\":\"image\",\"props\":{\"animation\":\"none\",\"image\":\"wp-content\\\/uploads\\\/05_eventi_esclusivi_privati.jpg\",\"image_svg_color\":\"emphasis\",\"margin\":\"default\",\"parallax_opacity\":\"0,1 50%\",\"parallax_x\":\"100,0 50%\",\"text_align\":\"center\"}}]}]}]},{\"type\":\"section\",\"props\":{\"image_position\":\"center-center\",\"padding_remove_top\":true,\"style\":\"default\",\"title_breakpoint\":\"xl\",\"title_position\":\"top-left\",\"title_rotation\":\"left\",\"vertical_align\":\"middle\",\"width\":\"default\"},\"children\":[{\"type\":\"row\",\"children\":[{\"type\":\"column\",\"props\":{\"image_position\":\"center-center\",\"position_sticky_breakpoint\":\"m\"},\"children\":[{\"type\":\"button\",\"props\":{\"css\":\".el-content {\\n\\tfont-size: 18px;\\n}\",\"grid_column_gap\":\"small\",\"grid_row_gap\":\"small\",\"margin\":\"default\",\"text_align\":\"center\"},\"children\":[{\"type\":\"button_item\",\"props\":{\"button_style\":\"secondary\",\"content\":\"CONTATTACI\",\"dialog_layout\":\"modal\",\"dialog_offcanvas_flip\":true,\"icon_align\":\"left\",\"link\":\"it\\\/contatti\\\/#form\"}}]}]}]}]},{\"type\":\"section\",\"props\":{\"css\":\".el-section {\\n\\tposition: fixed;\\n    bottom: 2rem;\\n    right: 2rem;\\n    z-index: 999;\\n    background: transparent;\\n}\",\"image_position\":\"center-center\",\"padding\":\"none\",\"style\":\"default\",\"title_breakpoint\":\"xl\",\"title_position\":\"top-left\",\"title_rotation\":\"left\",\"vertical_align\":\"middle\",\"width\":\"\"},\"children\":[{\"type\":\"row\",\"children\":[{\"type\":\"column\",\"props\":{\"image_position\":\"center-center\",\"position_sticky_breakpoint\":\"m\"},\"children\":[{\"type\":\"module\",\"props\":{\"menu_image_align\":\"center\",\"menu_image_margin\":true,\"menu_style\":\"default\",\"menu_type\":\"nav\",\"type\":\"builderwidget\",\"widget\":\"builderwidget-19\"}}]}]}],\"name\":\"TO TOP\"}],\"version\":\"4.5.32\"} --><\/p>\n","protected":false},"excerpt":{"rendered":"<p>ELEGANZA ECOMFORT NEL CUORE DELLA LAGUNA Raffinatezza e comfort: servizi di conciergerie di lusso per il tuo soggiorno a Venezia Lasciati avvolgere e trasportare attraverso la magia di Venezia in modo unico e indimenticabile.Vivi Venezia in tutta la sua unicit\u00e0. Dalle isole pi\u00f9 incantevoli ai luoghi segreti, ogni momento diventa un ricordo prezioso. Transfer di [&hellip;]<\/p>\n","protected":false},"author":1,"featured_media":0,"parent":0,"menu_order":0,"comment_status":"closed","ping_status":"closed","template":"","meta":{"footnotes":""},"class_list":["post-28","page","type-page","status-publish","hentry"],"_links":{"self":[{"href":"https:\/\/veniluxuryconcierge.com\/it\/wp-json\/wp\/v2\/pages\/28","targetHints":{"allow":["GET"]}}],"collection":[{"href":"https:\/\/veniluxuryconcierge.com\/it\/wp-json\/wp\/v2\/pages"}],"about":[{"href":"https:\/\/veniluxuryconcierge.com\/it\/wp-json\/wp\/v2\/types\/page"}],"author":[{"embeddable":true,"href":"https:\/\/veniluxuryconcierge.com\/it\/wp-json\/wp\/v2\/users\/1"}],"replies":[{"embeddable":true,"href":"https:\/\/veniluxuryconcierge.com\/it\/wp-json\/wp\/v2\/comments?post=28"}],"version-history":[{"count":84,"href":"https:\/\/veniluxuryconcierge.com\/it\/wp-json\/wp\/v2\/pages\/28\/revisions"}],"predecessor-version":[{"id":1230,"href":"https:\/\/veniluxuryconcierge.com\/it\/wp-json\/wp\/v2\/pages\/28\/revisions\/1230"}],"wp:attachment":[{"href":"https:\/\/veniluxuryconcierge.com\/it\/wp-json\/wp\/v2\/media?parent=28"}],"curies":[{"name":"wp","href":"https:\/\/api.w.org\/{rel}","templated":true}]}}